{"id":7889,"date":"2023-09-30T21:56:59","date_gmt":"2023-09-30T21:56:59","guid":{"rendered":"https:\/\/www.hnjournal.net\/?page_id=7889"},"modified":"2023-11-15T14:29:49","modified_gmt":"2023-11-15T14:29:49","slug":"4-9","status":"publish","type":"page","link":"https:\/\/www.hnjournal.net\/en\/4-9\/","title":{"rendered":"Volume4, Issue9"},"content":{"rendered":"<p id=\"block-aae8ac0f-3b41-4fca-8400-85d781e36df6\"><strong>\u0627\u0644\u0639\u062f\u062f \u0627\u0644\u062a\u0627\u0633\u0639\/ \u0627\u0644\u0645\u062c\u0644\u062f \u0627\u0644\u0631\u0627\u0628\u0639\u060c \u0633\u0628\u062a\u0645\u0628\u0631 2023\u0645<\/strong><\/p>\n\n\n\n<p id=\"block-a872f36a-27b3-42b7-bdb6-263c5234f2ba\"><a href=\"https:\/\/www.hnjournal.net\/wp-content\/uploads\/2023\/09\/\u0627\u0644\u0645\u062c\u0644\u062f-\u0627\u0644\u0631\u0627\u0628\u0639-\u0627\u0644\u0639\u062f\u062f-\u0627\u0644\u062a\u0627\u0633\u0639.pdf\"><strong>Download full issue<\/strong> <\/a><\/p>\n\n\n\n<p id=\"block-bd5dc957-47f0-4abf-bc12-515e549ce1e7\"><a href=\"https:\/\/www.hnjournal.net\/wp-content\/uploads\/2023\/08\/00\u063a\u0644\u0627\u0641-\u0627\u0644\u0645\u062c\u0644\u0629.pdf\">Download first issue cover<\/a><\/p>\n\n\n\n<p id=\"block-e2df38dc-c042-4f45-9213-58c6e6485263\"><a href=\"https:\/\/www.hnjournal.net\/wp-content\/uploads\/2023\/08\/10000cover-last.pdf\">Download second issue cover<\/a><\/p>\n\n\n\n<p id=\"block-3f66abed-2039-4abb-b021-6d83badbc856\"><a href=\"https:\/\/www.hnjournal.net\/wp-content\/uploads\/2023\/09\/0.2-\u0627\u0644\u0635\u0641\u062d\u0627\u062a-\u0627\u0644\u0627\u0648\u0644\u0649-1.pdf\">Download introduction and list of content<\/a><\/p>\n\n\n\n<figure class=\"wp-block-table\"><table><tbody><tr><td><strong>1\u00a0\u00a0\u00a0\u00a0\u00a0 \u00a0<\/strong><br><strong><a href=\"https:\/\/www.hnjournal.net\/en\/4-9-1\/\">\u062f\u0648\u0631 \u0627\u0644\u0635\u0646\u0627\u0639\u0629 \u0627\u0644\u0633\u064a\u0627\u062d\u064a\u0629 \u0641\u064a \u062a\u062b\u0628\u064a\u062a \u0633\u0643\u0627\u0646 \u0648\u0627\u062d\u0629 \u0648\u0627\u062f\u0627\u0646 \u0627\u0644\u0645\u0648\u0631\u064a\u062a\u0627\u0646\u064a\u0629<\/a><\/strong><br>\u0627\u0644\u0635\u0641\u062d\u0627\u062a: 1 \u2013 16<br><strong>\u0645\u062d\u0645\u062f \u0644\u0645\u0627\u0645 \u0639\u0628\u062f \u0627\u0644\u0645\u0648\u0645\u0646<\/strong><br><a href=\"https:\/\/www.hnjournal.net\/wp-content\/uploads\/2023\/09\/1\u062f\u0648\u0631-\u0627\u0644\u0635\u0646\u0627\u0639\u0629-\u0627\u0644\u0633\u064a\u0627\u062d\u064a\u0629-\u0641\u064a-\u062a\u062b\u0628\u064a\u062a-\u0633\u0643\u0627\u0646-\u0648\u0627\u062d\u0629-\u0648\u0627\u062f\u0627\u0646-\u0627\u0644\u0645\u0648\u0631\u064a\u062a\u0627\u0646\u064a\u0629-1.pdf\">Download<\/a><br>DOI = https:\/\/doi.org\/10.53796\/hnsj491<br><br><strong>2\u00a0\u00a0\u00a0\u00a0\u00a0 \u00a0<\/strong><br><strong><a href=\"https:\/\/www.hnjournal.net\/en\/4-9-2\/\">\u062f\u0631\u062c\u0629 \u0625\u0634\u0631\u0627\u0643\u064a\u0629 \u0627\u0644\u062c\u0632\u0621 \u0627\u0644\u062b\u0627\u0646\u064a \u0645\u0646 \u0643\u062a\u0627\u0628 \u0627\u0644\u0631\u064a\u0627\u0636\u064a\u0627\u062a \u0627\u0644\u0645\u0637\u0648\u0631 \u0644\u0637\u0644\u0628\u0629 \u0627\u0644\u0635\u0641 \u0627\u0644\u0639\u0627\u0634\u0631 \u0627\u0644\u0623\u0633\u0627\u0633\u064a \u0641\u064a \u0641\u0644\u0633\u0637\u064a\u0646<\/a><\/strong><br>\u0627\u0644\u0635\u0641\u062d\u0627\u062a: 17 \u2013 31<br>\u062a\u0647\u0627\u0646\u064a \u0639\u0628\u062f \u0627\u0644\u0644\u0647\u00a0\u00a0\u00a0\u00a0 \u00a0\u0648<strong>\u062f\u0639\u0627\u0621 \u062d\u0643\u0648\u0627\u062a\u064a<\/strong><br><a href=\"https:\/\/www.hnjournal.net\/wp-content\/uploads\/2023\/08\/2\u062f\u0631\u062c\u0629-\u0625\u0634\u0631\u0627\u0643\u064a\u0629-\u0627\u0644\u062c\u0632\u0621-\u0627\u0644\u062b\u0627\u0646\u064a-\u0645\u0646-\u0643\u062a\u0627\u0628-\u0627\u0644\u0631\u064a\u0627\u0636\u064a\u0627\u062a-\u0627\u0644\u0645\u0637\u0648\u0631-\u0644\u0637\u0644\u0628\u0629-\u0627\u0644\u0635\u0641-\u0627\u0644\u0639\u0627\u0634\u0631-\u0627\u0644\u0623\u0633\u0627\u0633\u064a-\u0641\u064a-\u0641\u0644\u0633\u0637\u064a\u0646.pdf\">Download<\/a><br>DOI = https:\/\/doi.org\/10.53796\/hnsj492<br><br><strong>3\u00a0\u00a0\u00a0\u00a0\u00a0 \u00a0<\/strong><br><strong><a href=\"https:\/\/www.hnjournal.net\/en\/4-9-3\/\">\u062a\u0642\u062f\u0645\u0627\u062a \u0627\u0644\u0646\u0633\u0627\u0621 \u0641\u064a \u0646\u0642\u0648\u0634 \u062c\u0646\u0648\u0628 \u0648\u0634\u0645\u0627\u0644 \u0627\u0644\u062c\u0632\u064a\u0631\u0629 \u0627\u0644\u0639\u0631\u0628\u064a\u0629<\/a><\/strong><br>\u0627\u0644\u0635\u0641\u062d\u0627\u062a: 32 \u2013 52<br><strong>\u0623. \u062f. \u0631\u062d\u0645\u0629 \u0628\u0646\u062a \u0639\u0648\u0627\u062f \u0627\u0644\u0633\u0646\u0627\u0646\u064a<\/strong><br><a href=\"https:\/\/www.hnjournal.net\/wp-content\/uploads\/2023\/08\/3-\u062a\u0642\u062f\u0645\u0627\u062a-\u0627\u0644\u0646\u0633\u0627\u0621-\u0641\u064a-\u0646\u0642\u0648\u0634-\u062c\u0646\u0648\u0628-\u0648\u0634\u0645\u0627\u0644-\u0627\u0644\u062c\u0632\u064a\u0631\u0629-\u0627\u0644\u0639\u0631\u0628\u064a\u0629.pdf\">Download<\/a><br>DOI = https:\/\/doi.org\/10.53796\/hnsj493<br><br><strong>4\u00a0\u00a0\u00a0\u00a0\u00a0 \u00a0<\/strong><br><strong><a href=\"https:\/\/www.hnjournal.net\/en\/4-9-4\/\">\u0627\u0644\u0639\u0644\u0627\u0642\u0629 \u0628\u064a\u0646 \u0645\u0646\u0647\u062c \u0627\u0644\u062e\u0637\u0648\u0627\u062a \u0627\u0644\u0633\u0628\u0639 (7steps) \u0648\u0627\u0644\u0645\u0647\u0627\u0631\u0627\u062a \u0627\u0644\u0642\u064a\u0627\u062f\u064a\u0629 &#8211; \u0628\u0627\u0644\u062a\u0637\u0628\u064a\u0642 \u0639\u0644\u0649 \u0637\u0644\u0627\u0628 \u0627\u0644\u0645\u0631\u062d\u0644\u0629 \u0627\u0644\u0645\u062a\u0648\u0633\u0637\u0629 \u0628\u0627\u0644\u0645\u0645\u0644\u0643\u0629 \u0627\u0644\u0639\u0631\u0628\u064a\u0629 \u0627\u0644\u0633\u0639\u0648\u062f\u064a\u0629<\/a><\/strong><br>\u0627\u0644\u0635\u0641\u062d\u0627\u062a: 53 \u2013 68<br><strong>\u0639\u0645\u0631\u0648 \u0625\u0628\u0631\u0627\u0647\u064a\u0645 \u0639\u0628\u062f \u0627\u0644\u0641\u062a\u0627\u062d \u064a\u0627\u0633\u064a\u0646\u00a0\u00a0\u00a0 \u00a0\u00a0\u0645\u0631\u0648\u0629 \u0625\u0628\u0631\u0627\u0647\u064a\u0645 \u0639\u0628\u062f\u0627\u0644\u0633\u0645\u064a\u0639 \u0625\u0628\u0631\u0627\u0647\u064a\u0645<\/strong><br><a href=\"https:\/\/www.hnjournal.net\/wp-content\/uploads\/2023\/08\/4\u0627\u0644\u0639\u0644\u0627\u0642\u0629-\u0628\u064a\u0646-\u0645\u0646\u0647\u062c-\u0627\u0644\u062e\u0637\u0648\u0627\u062a-\u0627\u0644\u0633\u0628\u0639-7steps-\u0648\u0627\u0644\u0645\u0647\u0627\u0631\u0627\u062a-\u0627\u0644\u0642\u064a\u0627\u062f\u064a\u0629.pdf\">Download<\/a><br>DOI = https:\/\/doi.org\/10.53796\/hnsj494<br><br><strong>5\u00a0\u00a0\u00a0\u00a0\u00a0 \u00a0<\/strong><br><strong><a href=\"https:\/\/www.hnjournal.net\/en\/4-9-5\/\">L&#8217;utilisation des repr\u00e9sentations sociales en didactique des langues: Un moyen pour \u00e9laborer une formation d\u00e9di\u00e9e aux enseignants de langues \u00e9trang\u00e8res<\/a><\/strong><br>Pages 69 \u2013 76<br><strong>Nabil\u00a0CHAFRI, Driss LOUIZ<\/strong><br><a href=\"https:\/\/www.hnjournal.net\/wp-content\/uploads\/2023\/08\/5Lutilisation-des-representations-sociales-en-didactique-des-langues.pdf\">Download<\/a><br>DOI = https:\/\/doi.org\/10.53796\/hnsj495<br><br><strong>6\u00a0\u00a0\u00a0\u00a0\u00a0 \u00a0<\/strong><br><strong><a href=\"https:\/\/www.hnjournal.net\/en\/4-9-6\/\">\u0623\u062b\u0631 \u0627\u0644\u0625\u0633\u062a\u062b\u0645\u0627\u0631 \u0627\u0644\u0623\u062c\u0646\u0628\u064a \u0627\u0644\u0645\u0628\u0627\u0634\u0631 \u0639\u0644\u0649 \u0645\u064a\u0632\u0627\u0646 \u0627\u0644\u0645\u062f\u0641\u0648\u0639\u0627\u062a \u0641\u064a \u0627\u0644\u0633\u0648\u062f\u0627\u0646: \u062f\u0631\u0627\u0633\u0629 \u0642\u064a\u0627\u0633\u064a\u0629 \u062e\u0644\u0627\u0644 \u0627\u0644\u0641\u062a\u0631\u0629 \u0645\u0646 2000-2022\u0645<\/a><\/strong><br>\u0627\u0644\u0635\u0641\u062d\u0627\u062a: 77 \u2013 90<br><strong>\u062f. \u062c\u0627\u0631 \u0627\u0644\u0646\u0628\u064a \u0628\u0627\u0628\u0648 \u062c\u0627\u0631 \u0627\u0644\u0646\u0628\u064a \u0636\u062d\u064a\u0629<sup>\u00a0\u00a0\u00a0\u00a0\u00a0\u00a0\u00a0\u00a0\u00a0\u00a0 <\/sup>\u062f. \u0630\u0648 \u0627\u0644\u0646\u0648\u0646 \u0645\u062d\u0645\u062f \u062d\u0627\u0645\u062f<\/strong> <strong>\u0639\u062b\u0645\u0627\u0646 <\/strong><br><a href=\"https:\/\/www.hnjournal.net\/wp-content\/uploads\/2023\/09\/6\u0623\u062b\u0631-\u0627\u0644\u0625\u0633\u062a\u062b\u0645\u0627\u0631-\u0627\u0644\u0623\u062c\u0646\u0628\u064a-\u0627\u0644\u0645\u0628\u0627\u0634\u0631-\u0639\u0644\u0649-\u0645\u064a\u0632\u0627\u0646-\u0627\u0644\u0645\u062f\u0641\u0648\u0639\u0627\u062a-\u0641\u064a-\u0627\u0644\u0633\u0648\u062f\u0627\u0646.pdf\">Download<\/a><br>DOI = https:\/\/doi.org\/10.53796\/hnsj496<br><br><strong>7\u00a0\u00a0\u00a0\u00a0\u00a0 \u00a0<\/strong><br><strong><a href=\"https:\/\/www.hnjournal.net\/en\/4-9-7\/\">\u0627\u0644\u0625\u0633\u0646\u0627\u062f \u0639\u0646\u062f \u0627\u0644\u0646\u062d\u0627\u0629 \u0648\u0627\u0644\u0625\u0633\u0646\u0627\u062f \u0639\u0646\u062f \u0627\u0644\u0645\u0646\u0627\u0637\u0642\u0629<\/a><\/strong><br>\u0627\u0644\u0635\u0641\u062d\u0627\u062a: 91 \u2013 101<br><strong>\u0623\u0633\u0645\u0627\u0621 \u0628\u0648\u0634\u0628\u062a\u064a<\/strong><br><a href=\"https:\/\/www.hnjournal.net\/wp-content\/uploads\/2023\/08\/7\u0627\u0644\u0625\u0633\u0646\u0627\u062f-\u0639\u0646\u062f-\u0627\u0644\u0646\u062d\u0627\u0629-\u0648\u0627\u0644\u0625\u0633\u0646\u0627\u062f-\u0639\u0646\u062f-\u0627\u0644\u0645\u0646\u0627\u0637\u0642\u0629.pdf\">Download<\/a><br>DOI = https:\/\/doi.org\/10.53796\/hnsj497<br><br><strong>8\u00a0\u00a0\u00a0\u00a0\u00a0 \u00a0<\/strong><br><strong><a href=\"https:\/\/www.hnjournal.net\/en\/4-9-8\/\">Exploring Factors to Improve Intentions to Adopt Cybersecurity: A Study of Saudi Banking Sector<\/a><\/strong><br>Pages 102 \u2013 114<br><strong>Tariq Saeed Mian<sup>, <\/sup>         Eman M. Alatawi<\/strong><br><a href=\"https:\/\/www.hnjournal.net\/wp-content\/uploads\/2023\/09\/8Exploring-Factors-to-Improve-Intentions-to-Adopt-Cybersecurity-A-Study-of-Saudi-Banking-Sector.pdf\">Download<\/a><br>DOI = https:\/\/doi.org\/10.53796\/hnsj498<br><br><strong>9\u00a0\u00a0\u00a0\u00a0\u00a0 \u00a0<\/strong><br><strong><a href=\"https:\/\/www.hnjournal.net\/en\/4-9-9\/\">\u0628\u0646\u0627\u0621 \u0627\u0644\u062f\u0648\u0644\u0629 \u0648\u0627\u0644\u062a\u062d\u062f\u064a\u0627\u062a \u0627\u0644\u0623\u0645\u0646\u064a\u0629 \u0641\u064a \u0644\u064a\u0628\u064a\u0627 \u0641\u064a \u0639\u0647\u062f \u0645\u0627 \u0628\u0639\u062f \u0646\u0638\u0627\u0645 \u0627\u0644\u0642\u0630\u0627\u0641\u064a<\/a><\/strong><br>\u0627\u0644\u0635\u0641\u062d\u0627\u062a: 115 \u2013 127<br><strong>\u062f. \u0639\u0628\u062f \u0627\u0644\u0633\u0644\u0627\u0645 \u0627\u0644\u062d\u0636\u064a\u0631\u064a\u00a0\u00a0\u00a0\u00a0\u00a0\u00a0\u00a0\u00a0 \u0623.\u062e\u0627\u0644\u062f \u0627\u0644\u0639\u0631\u064a\u0628\u064a<\/strong><br><a href=\"https:\/\/www.hnjournal.net\/wp-content\/uploads\/2023\/09\/9\u0628\u0646\u0627\u0621-\u0627\u0644\u062f\u0648\u0644\u0629-\u0648\u0627\u0644\u062a\u062d\u062f\u064a\u0627\u062a-\u0627\u0644\u0623\u0645\u0646\u064a\u0629-\u0641\u064a-\u0644\u064a\u0628\u064a\u0627-\u0641\u064a-\u0639\u0647\u062f-\u0645\u0627-\u0628\u0639\u062f-\u0646\u0638\u0627\u0645-\u0627\u0644\u0642\u0630\u0627\u0641\u064a.pdf\">Download<\/a><br>DOI = https:\/\/doi.org\/10.53796\/hnsj499<br><br><strong>10\u00a0 \u00a0<\/strong><br><strong><a href=\"https:\/\/www.hnjournal.net\/en\/4-9-10\/\">\u0641\u0627\u0639\u0644\u064a\u0629 \u0628\u0631\u0646\u0627\u0645\u062c \u0625\u0631\u0634\u0627\u062f\u064a \u0644\u062a\u0646\u0645\u064a\u0629 \u0627\u0644\u0630\u0643\u0627\u0621 \u0627\u0644\u0648\u062c\u062f\u0627\u0646\u064a \u0644\u062f\u0649 \u0637\u0644\u0628\u0629 \u0627\u0644\u0635\u0641 \u0627\u0644\u062a\u0627\u0633\u0639<\/a><\/strong><br>\u0627\u0644\u0635\u0641\u062d\u0627\u062a: 128 \u2013 147<br><strong>\u062f. \u0645\u062d\u0645\u062f \u0639\u0627\u0637\u0641 \u0627\u0644\u0639\u0643\u0631<\/strong><br><a href=\"https:\/\/www.hnjournal.net\/wp-content\/uploads\/2023\/08\/10\u0641\u0627\u0639\u0644\u064a\u0629-\u0628\u0631\u0646\u0627\u0645\u062c-\u0625\u0631\u0634\u0627\u062f\u064a-\u0644\u062a\u0646\u0645\u064a\u0629-\u0627\u0644\u0630\u0643\u0627\u0621-\u0627\u0644\u0648\u062c\u062f\u0627\u0646\u064a-\u0644\u062f\u0649-\u0637\u0644\u0628\u0629-\u0627\u0644\u0635\u0641-\u0627\u0644\u062a\u0627\u0633\u0639.pdf\">Download<\/a><br>DOI = https:\/\/doi.org\/10.53796\/hnsj4910<br><br><strong>11\u00a0 \u00a0<\/strong><br><strong><a href=\"https:\/\/www.hnjournal.net\/en\/4-9-11\/\">\u062a\u062c\u062f\u064a\u062f \u0627\u0644\u0648\u0642\u0641 \u0644\u062a\u062d\u0642\u064a\u0642 \u0627\u0644\u062a\u0643\u0627\u0641\u0644 \u0627\u0644\u0627\u062c\u062a\u0645\u0627\u0639\u064a \u0646\u062d\u0648 \u0630\u0648\u064a \u0627\u0644\u0625\u0639\u0627\u0642\u0629 \u0628\u0627\u0644\u0645\u063a\u0631\u0628 = \u0635\u0646\u062f\u0648\u0642 \u0627\u0644\u0648\u0642\u0641 \u0623\u0646\u0645\u0648\u0630\u062c\u0627<\/a><\/strong><br>\u0627\u0644\u0635\u0641\u062d\u0627\u062a: 148 \u2013 161<br><strong>\u0645\u062d\u0645\u062f \u0623\u0645\u0631\u064a\u0631<\/strong><br><a href=\"https:\/\/www.hnjournal.net\/wp-content\/uploads\/2023\/08\/11\u062a\u062c\u062f\u064a\u062f-\u0627\u0644\u0648\u0642\u0641-\u0644\u062a\u062d\u0642\u064a\u0642-\u0627\u0644\u062a\u0643\u0627\u0641\u0644-\u0627\u0644\u0627\u062c\u062a\u0645\u0627\u0639\u064a-\u0646\u062d\u0648-\u0630\u0648\u064a-\u0627\u0644\u0625\u0639\u0627\u0642\u0629-\u0628\u0627\u0644\u0645\u063a\u0631\u0628.pdf\">Download<\/a><br>DOI = https:\/\/doi.org\/10.53796\/hnsj4911<br><br><strong>12\u00a0 \u00a0<\/strong><br><strong><a href=\"https:\/\/www.hnjournal.net\/en\/4-9-12\/\">\u0627\u0644\u0639\u062c\u0632 \u0627\u0644\u0646\u0641\u0633\u064a \u0627\u0644\u0645\u062a\u0639\u0644\u0645 \u0643\u0645\u0646\u0628\u0626 \u0628\u0625\u062f\u0627\u0631\u0629 \u0627\u0644\u0627\u0646\u0641\u0639\u0627\u0644\u0627\u062a \u0644\u062f\u0649 \u0627\u0644\u0646\u0633\u0627\u0621 \u0627\u0644\u0645\u0639\u0646\u0641\u0627\u062a \u0641\u064a \u0645\u062d\u0627\u0641\u0638\u0627\u062a \u063a\u0632\u0629<\/a><\/strong><br>\u0627\u0644\u0635\u0641\u062d\u0627\u062a: 162 \u2013 177<br><strong>\u0622\u0644\u0627\u0621 \u0638\u0627\u0647\u0631 \u0634\u062d\u0627\u062f\u0629 \u0627\u0644\u0639\u0628\u0648\u064a\u0646\u064a\u00a0\u00a0\u00a0\u00a0\u00a0\u00a0\u00a0\u00a0 \u064a\u0627\u0633\u0631\u0629 \u0623\u0628\u0648 \u0647\u062f\u0631\u0648\u0633<\/strong><br><a href=\"https:\/\/www.hnjournal.net\/wp-content\/uploads\/2023\/08\/12\u0627\u0644\u0639\u062c\u0632-\u0627\u0644\u0646\u0641\u0633\u064a-\u0627\u0644\u0645\u062a\u0639\u0644\u0645-\u0643\u0645\u0646\u0628\u0626-\u0628\u0625\u062f\u0627\u0631\u0629-\u0627\u0644\u0627\u0646\u0641\u0639\u0627\u0644\u0627\u062a-\u0644\u062f\u0649-\u0627\u0644\u0646\u0633\u0627\u0621-\u0627\u0644\u0645\u0639\u0646\u0641\u0627\u062a-\u0641\u064a-\u0645\u062d\u0627\u0641\u0638\u0627\u062a-\u063a\u0632\u0629.pdf\">Download<\/a><br>DOI = https:\/\/doi.org\/10.53796\/hnsj4912<br><br><strong>13\u00a0 \u00a0<\/strong><br><strong><a href=\"https:\/\/www.hnjournal.net\/en\/4-9-13\/\">Seismic Waves Near Oil Reservoir Prediction Using Deep Learning<\/a><\/strong><br>Pages 178 \u2013 187<br><strong>Ali Najah nori\u00a0\u00a0\u00a0\u00a0\u00a0\u00a0\u00a0\u00a0\u00a0\u00a0\u00a0\u00a0 Walid fahs<\/strong><br><a href=\"https:\/\/www.hnjournal.net\/wp-content\/uploads\/2023\/08\/13Seismic-Waves-Near-Oil-Reservoir-Prediction-Using-Deep-Learning.pdf\">Download<\/a><br>DOI = https:\/\/doi.org\/10.53796\/hnsj4913<br><br><strong>14\u00a0 \u00a0<\/strong><br><strong><a href=\"https:\/\/www.hnjournal.net\/en\/4-9-14\/\">Effect of concentrates pomegranate juice mixed on selected colored\u00a0fruit juice on their PHYSICOCHEMICAL AND organoleptic characteristics under storage conditions<\/a><\/strong><br>Pages 188 \u2013 221<br><strong>Moussa M.Mdahoma, Salah A.Mustafa and Eltayeb F. Fadul Alla<\/strong><br><a href=\"https:\/\/www.hnjournal.net\/wp-content\/uploads\/2023\/08\/14Effect-of-concentrates-pomegranate-juice-mixed-on-selected-colored.pdf\">Download<\/a><br>DOI = https:\/\/doi.org\/10.53796\/hnsj4914<br><br><strong>15\u00a0 \u00a0<\/strong><br><strong><a href=\"https:\/\/www.hnjournal.net\/en\/4-9-15\/\">\u0645\u062f\u0649 \u0641\u0627\u0639\u0644\u064a\u0629 \u0627\u0633\u062a\u062e\u062f\u0627\u0645 \u0627\u0633\u062a\u0631\u0627\u062a\u064a\u062c\u064a\u0629 &#8220;\u062a\u0646\u0627\u0644 \u0627\u0644\u0642\u0645\u0631&#8221; \u0641\u064a \u0627\u0644\u062a\u062d\u0635\u064a\u0644 \u0641\u064a \u0645\u0627\u062f\u0629\u00a0 \u0627\u0644\u0646\u062d\u0648 \u0644\u062f\u0649 \u0637\u0644\u0628\u0629 \u0627\u0644\u0635\u0641 \u0627\u0644\u062b\u0627\u0645\u0646 \u0627\u0644\u0623\u0633\u0627\u0633\u064a \u0641\u064a \u0645\u062f\u0627\u0631\u0633 \u0644\u0648\u0627\u0621 \u0639\u064a\u0646 \u0627\u0644\u0628\u0627\u0634\u0627 \u0641\u064a \u0627\u0644\u0645\u0645\u0644\u0643\u0629 \u0627\u0644\u0623\u0631\u062f\u0646\u064a\u0629 \u0627\u0644\u0647\u0627\u0634\u0645\u064a\u0629<\/a><\/strong><br>\u0627\u0644\u0635\u0641\u062d\u0627\u062a: 222 \u2013 236<br><strong>\u0645\u062d\u0645\u0648\u062f \u0645\u062d\u0645\u062f \u062d\u0633\u064a\u0646 \u0633\u0627\u0644\u0645<\/strong><br><a href=\"https:\/\/www.hnjournal.net\/wp-content\/uploads\/2023\/08\/15\u0645\u062f\u0649-\u0641\u0627\u0639\u0644\u064a\u0629-\u0627\u0633\u062a\u062e\u062f\u0627\u0645-\u0627\u0633\u062a\u0631\u0627\u062a\u064a\u062c\u064a\u0629-\u062a\u0646\u0627\u0644-\u0627\u0644\u0642\u0645\u0631-\u0641\u064a-\u0627\u0644\u062a\u062d\u0635\u064a\u0644-\u0641\u064a-\u0645\u0627\u062f\u0629-\u0627\u0644\u0646\u062d\u0648.pdf\">Download<\/a><br>DOI = https:\/\/doi.org\/10.53796\/hnsj4915<br><br><strong>16\u00a0 \u00a0<\/strong><br><strong><a href=\"https:\/\/www.hnjournal.net\/en\/4-9-16\/\">\u0623\u062b\u0631 \u0627\u0644\u0627\u0633\u062a\u0634\u0631\u0627\u0641 \u0627\u0644\u0627\u0633\u062a\u0631\u0627\u062a\u064a\u062c\u064a \u0641\u064a \u0623\u062b\u0631 \u0627\u0644\u062a\u0648\u062c\u0647 \u0627\u0644\u0631\u064a\u0627\u062f\u064a\u060c \u062f\u0631\u0627\u0633\u0629 \u0645\u064a\u062f\u0627\u0646\u064a\u0629 \u0644\u0644\u0645\u0633\u062a\u0634\u0641\u064a\u0627\u062a \u0627\u0644\u062e\u0627\u0635\u0629<\/a><\/strong><br>\u0627\u0644\u0635\u0641\u062d\u0627\u062a: 237 \u2013 254<br><strong>\u0639\u0644\u064a \u062d\u0633\u064a\u0646 \u0639\u0648\u0636 \u0627\u0644\u064a\u0627\u0641\u0639\u064a<\/strong><br><a href=\"https:\/\/www.hnjournal.net\/wp-content\/uploads\/2023\/08\/16\u0623\u062b\u0631-\u0627\u0644\u0627\u0633\u062a\u0634\u0631\u0627\u0641-\u0627\u0644\u0627\u0633\u062a\u0631\u0627\u062a\u064a\u062c\u064a-\u0641\u064a-\u0623\u062b\u0631-\u0627\u0644\u062a\u0648\u062c\u0647-\u0627\u0644\u0631\u064a\u0627\u062f\u064a\u060c-\u062f\u0631\u0627\u0633\u0629-\u0645\u064a\u062f\u0627\u0646\u064a\u0629-\u0644\u0644\u0645\u0633\u062a\u0634\u0641\u064a\u0627\u062a-\u0627\u0644\u062e\u0627\u0635\u0629.pdf\">Download<\/a><br>DOI = https:\/\/doi.org\/10.53796\/hnsj4916<br><br><strong>17\u00a0 \u00a0<\/strong><br><strong><a href=\"https:\/\/www.hnjournal.net\/en\/4-9-17\/\">\u0627\u0644\u062d\u0648\u0643\u0645\u0629 \u0643\u0645\u062f\u062e\u0644 \u0644\u062a\u0639\u0632\u064a\u0632 \u0641\u0627\u0639\u0644\u064a\u0629 \u0623\u062f\u0627\u0621 \u0631\u0624\u0633\u0627\u0621 \u0627\u0644\u0623\u0642\u0633\u0627\u0645 \u0641\u064a \u0643\u0644\u064a\u0627\u062a \u0627\u0644\u062a\u0631\u0628\u064a\u0629 \u0628\u0627\u0644\u062c\u0627\u0645\u0639\u0627\u062a \u0627\u0644\u0633\u0639\u0648\u062f\u064a\u0629 \u0641\u064a \u0636\u0648\u0621 \u0631\u0624\u064a\u0629 \u0627\u0644\u0645\u0645\u0644\u0643\u0629 2030\u0645<\/a><\/strong><br>\u0627\u0644\u0635\u0641\u062d\u0627\u062a: 255 \u2013 254<br><strong>\u0645\u062d\u0640\u0640\u0645\u062f \u0628\u0646 \u0639\u0628\u0640\u0640\u064a\u0633\u0627\u0646 \u0627\u0644\u0639\u062a\u064a\u0628\u064a<\/strong><br><a href=\"https:\/\/www.hnjournal.net\/wp-content\/uploads\/2023\/08\/17\u0627\u0644\u062d\u0648\u0643\u0645\u0629-\u0643\u0645\u062f\u062e\u0644-\u0644\u062a\u0639\u0632\u064a\u0632-\u0641\u0627\u0639\u0644\u064a\u0629-\u0623\u062f\u0627\u0621-\u0631\u0624\u0633\u0627\u0621-\u0627\u0644\u0623\u0642\u0633\u0627\u0645-\u0641\u064a-\u0643\u0644\u064a\u0627\u062a-\u0627\u0644\u062a\u0631\u0628\u064a\u0629.pdf\">Download<\/a><br>DOI = https:\/\/doi.org\/10.53796\/hnsj4917<br><br><strong>18<\/strong><br><strong><a href=\"https:\/\/www.hnjournal.net\/en\/4-9-18\/\">\u0645\u0644\u0627\u0645\u062d \u0627\u0644\u0628\u0646\u0649 \u0627\u0644\u062b\u0642\u0627\u0641\u064a\u0629 \u0641\u064a \u0627\u0644\u0641\u0646 \u0627\u0644\u0634\u0639\u0628\u064a (\u0627\u0644\u0628\u0648\u0628 \u0622\u0631\u062a)<\/a><\/strong><br>\u0627\u0644\u0635\u0641\u062d\u0627\u062a: 255 \u2013 273<br><strong>\u062f. \u0633\u0627\u0645\u0631\u0647 \u0641\u0627\u0636\u0644 \u0645\u062d\u0645\u062f \u0639\u0644\u064a<\/strong><br><a href=\"https:\/\/www.hnjournal.net\/wp-content\/uploads\/2023\/11\/18\u0645\u0644\u0627\u0645\u062d-\u0627\u0644\u0628\u0646\u0649-\u0627\u0644\u062b\u0642\u0627\u0641\u064a\u0629-\u0641\u064a-\u0627\u0644\u0641\u0646-\u0627\u0644\u0634\u0639\u0628\u064a-\u0627\u0644\u0628\u0648\u0628-\u0622\u0631\u062a.pdf\">Download<\/a><br>DOI = https:\/\/doi.org\/10.53796\/hnsj4918<br><br><strong>19<\/strong><br><strong><a href=\"https:\/\/www.hnjournal.net\/en\/4-9-19\/\">\u0627\u0644\u062a\u062e\u0637\u064a\u0637 \u0627\u0644\u0627\u0633\u062a\u0631\u0627\u062a\u064a\u062c\u064a \u0628\u064a\u0646 \u0627\u0644\u0646\u0638\u0631\u064a\u0629 \u0648\u0627\u0644\u0645\u0645\u0627\u0631\u0633\u0629 \u0628\u0645\u0624\u0633\u0633\u0627\u062a \u0627\u0644\u062a\u0639\u0644\u064a\u0645 \u0627\u0644\u0639\u0627\u0644\u064a \u0628\u0627\u0644\u062a\u0637\u0628\u064a\u0642 \u0639\u0644\u0649 \u0627\u0644\u0623\u0643\u0627\u062f\u064a\u0645\u064a\u0629 \u0627\u0644\u0644\u064a\u0628\u064a\u0629 \u0644\u0644\u062f\u0631\u0627\u0633\u0627\u062a \u0627\u0644\u0639\u0644\u064a\u0627 \/ \u0637\u0631\u0627\u0628\u0644\u0633 \u2013 \u0644\u064a\u0628\u064a\u0627<\/a><\/strong><br>\u0627\u0644\u0635\u0641\u062d\u0627\u062a: 274 \u2013 311<br><strong>\u062f. \u0639\u0645\u0631\u0627\u0646 \u0639\u0644\u064a \u0623\u0628\u0648 \u062e\u0631\u064a\u0635\u00a0\u00a0 \u00a0\u00a0\u00a0\u00a0\u00a0\u00a0\u00a0\u062f. \u0639\u0628\u062f\u0627\u0644\u0644\u0647 \u0645\u0641\u062a\u0627\u062d \u0639\u0648\u064a\u062f\u0627\u0646<\/strong><br><a href=\"https:\/\/www.hnjournal.net\/wp-content\/uploads\/2023\/09\/19\u0627\u0644\u062a\u062e\u0637\u064a\u0637-\u0627\u0644\u0627\u0633\u062a\u0631\u0627\u062a\u064a\u062c\u064a-\u0628\u064a\u0646-\u0627\u0644\u0646\u0638\u0631\u064a\u0629-\u0648\u0627\u0644\u0645\u0645\u0627\u0631\u0633\u0629-\u0628\u0645\u0624\u0633\u0633\u0627\u062a-\u0627\u0644\u062a\u0639\u0644\u064a\u0645-\u0627\u0644\u0639\u0627\u0644\u064a.pdf\">Download<\/a><br>DOI = https:\/\/doi.org\/10.53796\/hnsj4919<\/td><\/tr><\/tbody><\/table><\/figure>\n\n\n\n<div class=\"wp-block-group\"><div class=\"wp-block-group__inner-container is-layout-flow wp-block-group-is-layout-flow\">\n<p id=\"block-dcc948bf-d6b0-4804-89a4-56d5130d3acb\"><strong>ISSN (e) 2709-0833 www.hnjournal.net E-Mail: info@hnjournal.net<\/strong><\/p>\n<\/div><\/div>","protected":false},"excerpt":{"rendered":"<p>\u0627\u0644\u0639\u062f\u062f \u0627\u0644\u062a\u0627\u0633\u0639\/ \u0627\u0644\u0645\u062c\u0644\u062f \u0627\u0644\u0631\u0627\u0628\u0639\u060c \u0633\u0628\u062a\u0645\u0628\u0631 2023\u0645 \u062a\u062d\u0645\u064a\u0644 \u0627\u0644\u0639\u062f\u062f \u0643\u0627\u0645\u0644\u0627\u064b \u062a\u062d\u0645\u064a\u0644 \u0627\u0644\u063a\u0644\u0627\u0641 \u0627\u0644\u0623\u0648\u0644 \u0645\u0646\u0641\u0635\u0644\u0627\u064b \u062a\u062d\u0645\u064a\u0644 \u0627\u0644\u063a\u0644\u0627\u0641 \u0627\u0644\u062b\u0627\u0646\u064a \u0645\u0646\u0641\u0635\u0644\u0627\u064b \u062a\u062d\u0645\u064a\u0644 \u0627\u0644\u0635\u0641\u062d\u0627\u062a \u0627\u0644\u0623\u0648\u0644\u0649 \u0645\u0646\u0641\u0635\u0644\u0629 1\u00a0\u00a0\u00a0\u00a0\u00a0 \u00a0\u062f\u0648\u0631 \u0627\u0644\u0635\u0646\u0627\u0639\u0629 \u0627\u0644\u0633\u064a\u0627\u062d\u064a\u0629 \u0641\u064a \u062a\u062b\u0628\u064a\u062a \u0633\u0643\u0627\u0646 \u0648\u0627\u062d\u0629 \u0648\u0627\u062f\u0627\u0646 [&hellip;]<\/p>\n","protected":false},"author":2,"featured_media":0,"parent":0,"menu_order":0,"comment_status":"closed","ping_status":"closed","template":"","meta":{"om_disable_all_campaigns":false,"_monsterinsights_skip_tracking":false,"_monsterinsights_sitenote_active":false,"_monsterinsights_sitenote_note":"","_monsterinsights_sitenote_category":0,"_joinchat":[],"footnotes":""},"class_list":["post-7889","page","type-page","status-publish","hentry"],"_links":{"self":[{"href":"https:\/\/www.hnjournal.net\/en\/wp-json\/wp\/v2\/pages\/7889","targetHints":{"allow":["GET"]}}],"collection":[{"href":"https:\/\/www.hnjournal.net\/en\/wp-json\/wp\/v2\/pages"}],"about":[{"href":"https:\/\/www.hnjournal.net\/en\/wp-json\/wp\/v2\/types\/page"}],"author":[{"embeddable":true,"href":"https:\/\/www.hnjournal.net\/en\/wp-json\/wp\/v2\/users\/2"}],"replies":[{"embeddable":true,"href":"https:\/\/www.hnjournal.net\/en\/wp-json\/wp\/v2\/comments?post=7889"}],"version-history":[{"count":3,"href":"https:\/\/www.hnjournal.net\/en\/wp-json\/wp\/v2\/pages\/7889\/revisions"}],"predecessor-version":[{"id":8367,"href":"https:\/\/www.hnjournal.net\/en\/wp-json\/wp\/v2\/pages\/7889\/revisions\/8367"}],"wp:attachment":[{"href":"https:\/\/www.hnjournal.net\/en\/wp-json\/wp\/v2\/media?parent=7889"}],"curies":[{"name":"wp","href":"https:\/\/api.w.org\/{rel}","templated":true}]}}