{"id":1285,"date":"2021-08-01T19:13:42","date_gmt":"2021-08-01T19:13:42","guid":{"rendered":"https:\/\/www.hnjournal.net\/?page_id=1285"},"modified":"2021-08-01T19:13:48","modified_gmt":"2021-08-01T19:13:48","slug":"2-8-17","status":"publish","type":"page","link":"https:\/\/www.hnjournal.net\/en\/2-8-17\/","title":{"rendered":"PME et d\u00e9veloppement territorial : analyse desricptive des r\u00e9sultats d\u2019\u00e9tude du HCP"},"content":{"rendered":"<figure class=\"wp-block-table\"><table><tbody><tr><td class=\"has-text-align-left\" data-align=\"left\"><strong>Btissam BENFEDDOUL<sup>1<\/sup>; Rabia BOUANANI<sup> 1;<\/sup> Archane OUHAMOU<sup>1;<\/sup> M\u2019hamed BOUDOUAH <sup>4<\/sup><\/strong> \u00a0<\/td><\/tr><\/tbody><\/table><\/figure>\n\n\n\n<p class=\"has-text-align-left\"><sup>1 <\/sup>Docteur au sein du laboratoire de recherche \u00ab&nbsp;territoire, environnement et d\u00e9veloppement&nbsp;\u00bb, facult\u00e9 des sciences humaines et sociales Ibn Tofail, K\u00e9nitra.<\/p>\n\n\n\n<p class=\"has-text-align-left\"><sup>2<\/sup> professeur d\u2019enseignement sup\u00e9rieur&nbsp;; laboratoire de recherche \u00ab&nbsp;territoire, environnement et d\u00e9veloppement&nbsp;\u00bb, facult\u00e9 des sciences humaines et sociales Ibn Tofail, K\u00e9nitra.<\/p>\n\n\n\n<p class=\"has-text-align-left\">\u00a0\u00a0\u00a0 Email: btissam.benfeddoul@gmail.com<\/p>\n\n\n\n<p class=\"has-text-align-left\"> <a href=\"https:\/\/www.hnjournal.net\/wp-content\/uploads\/2021\/08\/17PME-et-developpement-territorial-analyse-desricptive-des-resultats-detude-du-HCP-%D8%AA%D9%85-%D8%A7%D9%84%D8%A5%D8%B5%D9%84%D8%A7%D8%AD.pdf\">Download<\/a> <\/p>\n\n\n\n<p class=\"has-text-align-left\">HNSJ, 2021, 2(8); https:\/\/doi.org\/10.53796\/hnsj2817<\/p>\n\n\n\n<p class=\"has-text-align-left\"><strong>Publi\u00e9 le 01\/08\/2021 &nbsp;&nbsp;&nbsp;&nbsp;&nbsp;&nbsp;&nbsp;&nbsp;&nbsp;&nbsp;&nbsp;&nbsp;&nbsp;&nbsp;&nbsp;&nbsp;&nbsp;&nbsp;&nbsp;&nbsp;&nbsp;&nbsp;&nbsp;&nbsp;&nbsp;&nbsp;&nbsp;&nbsp;&nbsp;&nbsp;&nbsp;&nbsp;&nbsp;&nbsp;&nbsp;&nbsp;&nbsp;&nbsp;&nbsp;&nbsp;&nbsp;&nbsp;&nbsp;&nbsp;&nbsp;&nbsp;&nbsp;&nbsp;&nbsp;&nbsp;&nbsp;&nbsp;&nbsp;&nbsp;&nbsp;&nbsp;&nbsp;&nbsp;&nbsp;Accept\u00e9 le 18\/07\/2021<\/strong><\/p>\n\n\n\n<figure class=\"wp-block-table\"><table><tbody><tr><td class=\"has-text-align-left\" data-align=\"left\"><strong>R\u00e9sum\u00e9&nbsp;<\/strong><strong><\/strong><\/td><\/tr><\/tbody><\/table><\/figure>\n\n\n\n<figure class=\"wp-block-table\"><table><tbody><tr><td class=\"has-text-align-left\" data-align=\"left\">Les petites et moyennes entreprises (PME) assurent une part consid\u00e9rable de la production, de la commercialisation, et de la recherche et d\u00e9veloppement. Les PME contribuent de plus en plus dans le d\u00e9veloppement territorial \u00e0 travers le renforcement des \u00e9changes et des liens entre elles et les grandes entreprises. L\u2019int\u00e9gration \u00e9conomique grandissante au Maroc leur offre de plus grandes possibilit\u00e9s en termes de part de march\u00e9, de relations interentreprises et de mobilit\u00e9 des capitaux et des comp\u00e9tences. A cet \u00e9gard, notre article traite de la relation entre les PME et le d\u00e9veloppement territorial \u00e0 travers une approche g\u00e9o\u00e9conomique bas\u00e9 sur l\u2019analyse des r\u00e9sultats d\u2019\u00e9tudes du HCP. Cet article s\u2019appuie sur la place des nouvelles techniques d\u2019information et de communication au sein des PME, de plus les moyens de financement et les techniques de recrutement adopt\u00e9s par les PME pour un d\u00e9veloppement territorial. &nbsp;<\/td><\/tr><\/tbody><\/table><\/figure>\n\n\n\n<figure class=\"wp-block-table\"><table><tbody><tr><td class=\"has-text-align-left\" data-align=\"left\"><strong>Key Words: <\/strong>PME, territoire, NTIC, d\u00e9veloppement territorial, g\u00e9o\u00e9conomique<strong><\/strong><\/td><\/tr><\/tbody><\/table><\/figure>\n\n\n\n<p><strong>&nbsp;<\/strong><\/p>","protected":false},"excerpt":{"rendered":"<p>Btissam BENFEDDOUL1; Rabia BOUANANI 1; Archane OUHAMOU1; M\u2019hamed BOUDOUAH 4 \u00a0 1 Docteur au sein du laboratoire de recherche \u00ab&nbsp;territoire, environnement et d\u00e9veloppement&nbsp;\u00bb, facult\u00e9 des sciences humaines et sociales Ibn [&hellip;]<\/p>\n","protected":false},"author":2,"featured_media":0,"parent":0,"menu_order":0,"comment_status":"closed","ping_status":"closed","template":"","meta":{"om_disable_all_campaigns":false,"_monsterinsights_skip_tracking":false,"_monsterinsights_sitenote_active":false,"_monsterinsights_sitenote_note":"","_monsterinsights_sitenote_category":0,"_joinchat":[],"footnotes":""},"class_list":["post-1285","page","type-page","status-publish","hentry"],"_links":{"self":[{"href":"https:\/\/www.hnjournal.net\/en\/wp-json\/wp\/v2\/pages\/1285","targetHints":{"allow":["GET"]}}],"collection":[{"href":"https:\/\/www.hnjournal.net\/en\/wp-json\/wp\/v2\/pages"}],"about":[{"href":"https:\/\/www.hnjournal.net\/en\/wp-json\/wp\/v2\/types\/page"}],"author":[{"embeddable":true,"href":"https:\/\/www.hnjournal.net\/en\/wp-json\/wp\/v2\/users\/2"}],"replies":[{"embeddable":true,"href":"https:\/\/www.hnjournal.net\/en\/wp-json\/wp\/v2\/comments?post=1285"}],"version-history":[{"count":1,"href":"https:\/\/www.hnjournal.net\/en\/wp-json\/wp\/v2\/pages\/1285\/revisions"}],"predecessor-version":[{"id":1306,"href":"https:\/\/www.hnjournal.net\/en\/wp-json\/wp\/v2\/pages\/1285\/revisions\/1306"}],"wp:attachment":[{"href":"https:\/\/www.hnjournal.net\/en\/wp-json\/wp\/v2\/media?parent=1285"}],"curies":[{"name":"wp","href":"https:\/\/api.w.org\/{rel}","templated":true}]}}