{"id":1256,"date":"2021-08-01T18:31:43","date_gmt":"2021-08-01T18:31:43","guid":{"rendered":"https:\/\/www.hnjournal.net\/?page_id=1256"},"modified":"2021-08-01T18:35:06","modified_gmt":"2021-08-01T18:35:06","slug":"2-8-7","status":"publish","type":"page","link":"https:\/\/www.hnjournal.net\/en\/2-8-7\/","title":{"rendered":"La Promotion du Tourisme de Montagne diversifi\u00e9e de la commune territoriale sidi Boulkhalf"},"content":{"rendered":"<figure class=\"wp-block-table\"><table><tbody><tr><td class=\"has-text-align-left\" data-align=\"left\"><strong>EL BAKKARI MOHAMED<sup> (1)<\/sup>,<\/strong> <strong>JABBAR LARABI<sup> (2)<\/sup><\/strong> &nbsp;<\/td><\/tr><\/tbody><\/table><\/figure>\n\n\n\n<p class=\"has-text-align-left\">(1) et (2) : docteur en Laboratoire d\u2019Analyses G\u00e9o-Environnementales,<br>d&#8217;Am\u00e9nagement et de D\u00e9veloppement Durable (LAGEA-DD), Universit\u00e9 Sidi Mohamed ben Abdellah \u00e0 F\u00e8s<\/p>\n\n\n\n<p class=\"has-text-align-left\"> <a href=\"https:\/\/www.hnjournal.net\/wp-content\/uploads\/2021\/08\/7La-Promotion-du-tourisme-de-montagne-diversifiee.pdf\">Download<\/a> \u00a0\u00a0<\/p>\n\n\n\n<p class=\"has-text-align-left\">\u00a0 Email: elbakkarimohamed@gmail.com<\/p>\n\n\n\n<p class=\"has-text-align-left\">HNSJ, 2021, 2(8); https:\/\/doi.org\/10.53796\/hnsj287<\/p>\n\n\n\n<p class=\"has-text-align-left\"><strong>Publi\u00e9 le 01\/08\/2021 &nbsp;&nbsp;&nbsp;&nbsp;&nbsp;&nbsp;&nbsp;&nbsp;&nbsp;&nbsp;&nbsp;&nbsp;&nbsp;&nbsp;&nbsp;&nbsp;&nbsp;&nbsp;&nbsp;&nbsp;&nbsp;&nbsp;&nbsp;&nbsp;&nbsp;&nbsp;&nbsp;&nbsp;&nbsp;&nbsp;&nbsp;&nbsp;&nbsp;&nbsp;&nbsp;&nbsp;&nbsp;&nbsp;&nbsp;&nbsp;&nbsp;&nbsp;&nbsp;&nbsp;&nbsp;&nbsp;&nbsp;&nbsp;&nbsp;&nbsp;&nbsp;&nbsp;&nbsp;&nbsp;&nbsp;&nbsp;&nbsp;&nbsp;&nbsp;Accept\u00e9 le 09\/07\/2021<\/strong><\/p>\n\n\n\n<figure class=\"wp-block-table\"><table><tbody><tr><td class=\"has-text-align-left\" data-align=\"left\"><strong>R\u00e9sum\u00e9&nbsp;<\/strong><strong><\/strong><\/td><\/tr><\/tbody><\/table><\/figure>\n\n\n\n<figure class=\"wp-block-table\"><table><tbody><tr><td class=\"has-text-align-left\" data-align=\"left\">Le tourisme se positionne comme une activit\u00e9 \u00e9conomiquement plus rentable que<br>l\u2019agriculture, activit\u00e9 de base de la majorit\u00e9 des espaces ruraux. C\u2019est aussi une alternative pour diversifier l\u2019\u00e9conomie rurale. \u00c0 ce positionnement profite un ensemble d\u2019atouts naturels et culturels qui rec\u00e8le de la montagne. \u00c0 l\u2019heure actuelle, les populations, les associations locales, l\u2019ONG et les d\u00e9partements minist\u00e9riels et les diff\u00e9rents projets de d\u00e9veloppement en milieu rural, le tourisme est propos\u00e9 comme principale activit\u00e9 g\u00e9n\u00e9ratrice de revenus susceptibles de r\u00e9soudre la pauvret\u00e9 et am\u00e9liorer les conditions socio\u00e9conomiques des locaux. C\u2019est dans une vision de promotion des produits touristiques de la commune sidi boulkhalf, que s\u2019inscrit notre \u00e9tude. Nous nous sommes fix\u00e9s comme objectif principal la proposition d\u2019un projet territorial pour qui vise \u00e9galement l&#8217;am\u00e9lioration des conditions de vie des femmes et des jeunes ruraux de la zone, par la promotion d&#8217;activit\u00e9s agricoles et non agricoles g\u00e9n\u00e9ratrices de revenus. &nbsp;<\/td><\/tr><\/tbody><\/table><\/figure>\n\n\n\n<figure class=\"wp-block-table\"><table><tbody><tr><td class=\"has-text-align-left\" data-align=\"left\"><strong>Key Words: <\/strong>\u00e9conomie rurale&nbsp;; projet de d\u00e9veloppement&nbsp;; activit\u00e9 g\u00e9n\u00e9ratrice de revenu<strong><\/strong><\/td><\/tr><\/tbody><\/table><\/figure>\n\n\n\n<p><strong>&nbsp;<\/strong><\/p>","protected":false},"excerpt":{"rendered":"<p>EL BAKKARI MOHAMED (1), JABBAR LARABI (2) &nbsp; (1) et (2) : docteur en Laboratoire d\u2019Analyses G\u00e9o-Environnementales,d&#8217;Am\u00e9nagement et de D\u00e9veloppement Durable (LAGEA-DD), Universit\u00e9 Sidi Mohamed ben Abdellah \u00e0 F\u00e8s Download [&hellip;]<\/p>\n","protected":false},"author":2,"featured_media":0,"parent":0,"menu_order":0,"comment_status":"closed","ping_status":"closed","template":"","meta":{"om_disable_all_campaigns":false,"_monsterinsights_skip_tracking":false,"_monsterinsights_sitenote_active":false,"_monsterinsights_sitenote_note":"","_monsterinsights_sitenote_category":0,"_joinchat":[],"footnotes":""},"class_list":["post-1256","page","type-page","status-publish","hentry"],"_links":{"self":[{"href":"https:\/\/www.hnjournal.net\/en\/wp-json\/wp\/v2\/pages\/1256","targetHints":{"allow":["GET"]}}],"collection":[{"href":"https:\/\/www.hnjournal.net\/en\/wp-json\/wp\/v2\/pages"}],"about":[{"href":"https:\/\/www.hnjournal.net\/en\/wp-json\/wp\/v2\/types\/page"}],"author":[{"embeddable":true,"href":"https:\/\/www.hnjournal.net\/en\/wp-json\/wp\/v2\/users\/2"}],"replies":[{"embeddable":true,"href":"https:\/\/www.hnjournal.net\/en\/wp-json\/wp\/v2\/comments?post=1256"}],"version-history":[{"count":1,"href":"https:\/\/www.hnjournal.net\/en\/wp-json\/wp\/v2\/pages\/1256\/revisions"}],"predecessor-version":[{"id":1268,"href":"https:\/\/www.hnjournal.net\/en\/wp-json\/wp\/v2\/pages\/1256\/revisions\/1268"}],"wp:attachment":[{"href":"https:\/\/www.hnjournal.net\/en\/wp-json\/wp\/v2\/media?parent=1256"}],"curies":[{"name":"wp","href":"https:\/\/api.w.org\/{rel}","templated":true}]}}