{"id":1299,"date":"2021-08-01T19:57:01","date_gmt":"2021-08-01T19:57:01","guid":{"rendered":"https:\/\/www.hnjournal.net\/?page_id=1299"},"modified":"2021-08-01T19:57:05","modified_gmt":"2021-08-01T19:57:05","slug":"2-8-30","status":"publish","type":"page","link":"https:\/\/www.hnjournal.net\/ar\/2-8-30\/","title":{"rendered":"Coronavirus : Impact sur le tourisme et pr\u00e9cautions pr\u00e9vues Cas du Maroc"},"content":{"rendered":"\n<figure class=\"wp-block-table\"><table><tbody><tr><td class=\"has-text-align-left\" data-align=\"left\"><strong>J. El bordo[1]&nbsp; M. Nadraoui[1]<\/strong> &nbsp;<\/td><\/tr><\/tbody><\/table><\/figure>\n\n\n\n<p class=\"has-text-align-left\">[1] Etudiant chercheur. Laboratoire: Dynamiques des Espaces et des Soci\u00e9t\u00e9s, Facult\u00e9 des Lettres et des Sciences Humaines de Mohammedia, Hassan II University of Casablanca, Av Hassan II, B.P. 546, Mohammedia, Maroc<\/p>\n\n\n\n<p class=\"has-text-align-left\">&nbsp;&nbsp; Professeur de g\u00e9ographie. Pr\u00e9sident de la bronche g\u00e9ographie. Laboratoire: Dynamiques des Espaces et des Soci\u00e9t\u00e9s, Facult\u00e9 des Lettres et des Sciences Humaines de Mohammedia, Hassan II University of Casablanca, Av Hassan II, B.P. 546, Mohammedia, Maroc<\/p>\n\n\n\n<p class=\"has-text-align-left\">&nbsp;&nbsp;&nbsp; Email: elbordojaoid@gmail.com<\/p>\n\n\n\n<p class=\"has-text-align-left\">[1] Professeur de g\u00e9ographie. Pr\u00e9sident de la bronche g\u00e9ographie. Laboratoire: Dynamiques des Espaces et des Soci\u00e9t\u00e9s, Facult\u00e9 des Lettres et des Sciences Humaines de Mohammedia, Hassan II University of Casablanca, Av Hassan II, B.P. 546, Mohammedia, Maroc<\/p>\n\n\n\n<p class=\"has-text-align-left\"> <a href=\"https:\/\/www.hnjournal.net\/wp-content\/uploads\/2021\/08\/30Coronavirus-Impact-sur-le-tourisme-et-precautions-prevues.pdf\">Download<\/a> <\/p>\n\n\n\n<p class=\"has-text-align-left\">HNSJ, 2021, 2(8); https:\/\/doi.org\/10.53796\/hnsj2830<\/p>\n\n\n\n<p class=\"has-text-align-left\"><strong>Publi\u00e9 le 01\/08\/2021 &nbsp;&nbsp;&nbsp;&nbsp;&nbsp;&nbsp;&nbsp;&nbsp;&nbsp;&nbsp;&nbsp;&nbsp;&nbsp;&nbsp;&nbsp;&nbsp;&nbsp;&nbsp;&nbsp;&nbsp;&nbsp;&nbsp;&nbsp;&nbsp;&nbsp;&nbsp;&nbsp;&nbsp;&nbsp;&nbsp;&nbsp;&nbsp;&nbsp;&nbsp;&nbsp;&nbsp;&nbsp;&nbsp;&nbsp;&nbsp;&nbsp;&nbsp;&nbsp;&nbsp;&nbsp;&nbsp;&nbsp;&nbsp;&nbsp;&nbsp;&nbsp;&nbsp;&nbsp;&nbsp;&nbsp;&nbsp;&nbsp;&nbsp;&nbsp;Accept\u00e9 le 24\/07\/2021<\/strong><\/p>\n\n\n\n<figure class=\"wp-block-table\"><table><tbody><tr><td class=\"has-text-align-left\" data-align=\"left\"><strong>R\u00e9sum\u00e9&nbsp;<\/strong><strong><\/strong><\/td><\/tr><\/tbody><\/table><\/figure>\n\n\n\n<figure class=\"wp-block-table\"><table><tbody><tr><td class=\"has-text-align-left\" data-align=\"left\">L\u2019industrie touristique au Maroc est un secteur \u00e9conomique important, il poss\u00e8de un ensemble des opportunit\u00e9s touristiques qui lui ont permis d&#8217;\u00eatre une destination pour les touristes du monde entier. Cependant, la propagation soudaine d&#8217;un virus appel\u00e9 virus Corona&nbsp; a incit\u00e9 le Maroc \u00e0 prendre un ensemble de mesures pour limiter la propagation de l&#8217;\u00e9pid\u00e9mie. Le secteur du tourisme a \u00e9t\u00e9 l&#8217;un des secteurs les plus importants qui ont \u00e9t\u00e9 touch\u00e9s, a cette raison nous avons essay\u00e9 de mettre en \u00e9vidence, \u00e0 travers cet \u00e9tude,&nbsp; l\u2019impact de l\u2019apparition du Corona virus sur le tourisme et identifier les mesures les plus importantes que le gouvernement marocain a prises pour att\u00e9nuer les cons\u00e9quences de l&#8217;interruption de l&#8217;activit\u00e9 touristique. &nbsp;<\/td><\/tr><\/tbody><\/table><\/figure>\n\n\n\n<figure class=\"wp-block-table\"><table><tbody><tr><td class=\"has-text-align-left\" data-align=\"left\"><strong>Key Words: Corona virus&nbsp;; tourisme&nbsp;; interruption de l\u2019activit\u00e9 touristique&nbsp;; impact socio-\u00e9conomique.<\/strong><\/td><\/tr><\/tbody><\/table><\/figure>\n\n\n\n<p><strong>&nbsp;<\/strong><\/p>\n","protected":false},"excerpt":{"rendered":"<p>J. El bordo[1]&nbsp; M. Nadraoui[1] &nbsp; [1] Etudiant chercheur. Laboratoire: Dynamiques des Espaces et des Soci\u00e9t\u00e9s, Facult\u00e9 des Lettres et des Sciences Humaines de Mohammedia, Hassan II University of Casablanca, [&hellip;]<\/p>\n","protected":false},"author":2,"featured_media":0,"parent":0,"menu_order":0,"comment_status":"closed","ping_status":"closed","template":"","meta":{"om_disable_all_campaigns":false,"_monsterinsights_skip_tracking":false,"_monsterinsights_sitenote_active":false,"_monsterinsights_sitenote_note":"","_monsterinsights_sitenote_category":0,"_joinchat":[],"footnotes":""},"class_list":["post-1299","page","type-page","status-publish","hentry"],"_links":{"self":[{"href":"https:\/\/www.hnjournal.net\/ar\/wp-json\/wp\/v2\/pages\/1299","targetHints":{"allow":["GET"]}}],"collection":[{"href":"https:\/\/www.hnjournal.net\/ar\/wp-json\/wp\/v2\/pages"}],"about":[{"href":"https:\/\/www.hnjournal.net\/ar\/wp-json\/wp\/v2\/types\/page"}],"author":[{"embeddable":true,"href":"https:\/\/www.hnjournal.net\/ar\/wp-json\/wp\/v2\/users\/2"}],"replies":[{"embeddable":true,"href":"https:\/\/www.hnjournal.net\/ar\/wp-json\/wp\/v2\/comments?post=1299"}],"version-history":[{"count":1,"href":"https:\/\/www.hnjournal.net\/ar\/wp-json\/wp\/v2\/pages\/1299\/revisions"}],"predecessor-version":[{"id":1326,"href":"https:\/\/www.hnjournal.net\/ar\/wp-json\/wp\/v2\/pages\/1299\/revisions\/1326"}],"wp:attachment":[{"href":"https:\/\/www.hnjournal.net\/ar\/wp-json\/wp\/v2\/media?parent=1299"}],"curies":[{"name":"wp","href":"https:\/\/api.w.org\/{rel}","templated":true}]}}